{"id":302,"date":"2022-11-28T20:44:40","date_gmt":"2022-11-28T20:44:40","guid":{"rendered":"https:\/\/dicomarkagency.com\/?page_id=302"},"modified":"2026-01-28T17:09:31","modified_gmt":"2026-01-28T17:09:31","slug":"servicios","status":"publish","type":"page","link":"https:\/\/dicomarkagency.com\/index.php\/servicios\/","title":{"rendered":"Servicios"},"content":{"rendered":"\n<div class=\"wp-block-cover alignfull wp-duotone-foreground-and-background\"><img loading=\"lazy\" decoding=\"async\" width=\"1024\" height=\"536\" class=\"wp-block-cover__image-background wp-image-596 size-large\" alt=\"\" src=\"https:\/\/dicomarkagency.com\/wp-content\/uploads\/2023\/04\/Mi-proyecto-1-3-1024x536.jpg\" data-object-fit=\"cover\" srcset=\"https:\/\/dicomarkagency.com\/wp-content\/uploads\/2023\/04\/Mi-proyecto-1-3-1024x536.jpg 1024w, https:\/\/dicomarkagency.com\/wp-content\/uploads\/2023\/04\/Mi-proyecto-1-3-300x157.jpg 300w, https:\/\/dicomarkagency.com\/wp-content\/uploads\/2023\/04\/Mi-proyecto-1-3-768x402.jpg 768w, https:\/\/dicomarkagency.com\/wp-content\/uploads\/2023\/04\/Mi-proyecto-1-3-18x9.jpg 18w, https:\/\/dicomarkagency.com\/wp-content\/uploads\/2023\/04\/Mi-proyecto-1-3.jpg 1200w\" sizes=\"auto, (max-width: 1024px) 100vw, 1024px\" \/><span aria-hidden=\"true\" class=\"wp-block-cover__background has-foreground-background-color has-background-dim-80 has-background-dim\"><\/span><div class=\"wp-block-cover__inner-container is-layout-flow wp-block-cover-is-layout-flow\"><div class=\"aligncenter animated backInUp wp-block-site-logo\"><a href=\"https:\/\/dicomarkagency.com\/\" class=\"custom-logo-link\" rel=\"home\"><img loading=\"lazy\" decoding=\"async\" width=\"380\" height=\"52\" src=\"https:\/\/dicomarkagency.com\/wp-content\/uploads\/2024\/02\/DICOMARK-2024.png\" class=\"custom-logo\" alt=\"Dicomark Agency\" srcset=\"https:\/\/dicomarkagency.com\/wp-content\/uploads\/2024\/02\/DICOMARK-2024.png 1309w, https:\/\/dicomarkagency.com\/wp-content\/uploads\/2024\/02\/DICOMARK-2024-300x41.png 300w, https:\/\/dicomarkagency.com\/wp-content\/uploads\/2024\/02\/DICOMARK-2024-1024x141.png 1024w, https:\/\/dicomarkagency.com\/wp-content\/uploads\/2024\/02\/DICOMARK-2024-768x106.png 768w, https:\/\/dicomarkagency.com\/wp-content\/uploads\/2024\/02\/DICOMARK-2024-18x2.png 18w\" sizes=\"auto, (max-width: 380px) 100vw, 380px\" \/><\/a><\/div><\/div><\/div>\n\n\n<nav class=\"is-responsive items-justified-center wp-block-navigation is-content-justification-center is-layout-flex wp-container-core-navigation-is-layout-a89b3969 wp-block-navigation-is-layout-flex\" aria-label=\"Navegaci\u00f3n\" \n\t\t data-wp-interactive=\"core\/navigation\" data-wp-context='{\"overlayOpenedBy\":{\"click\":false,\"hover\":false,\"focus\":false},\"type\":\"overlay\",\"roleAttribute\":\"\",\"ariaLabel\":\"Men\\u00fa\"}'><button aria-haspopup=\"dialog\" aria-label=\"Abrir el men\u00fa\" class=\"wp-block-navigation__responsive-container-open\" \n\t\t\t\tdata-wp-on--click=\"actions.openMenuOnClick\"\n\t\t\t\tdata-wp-on--keydown=\"actions.handleMenuKeydown\"\n\t\t\t><svg width=\"24\" height=\"24\" xmlns=\"http:\/\/www.w3.org\/2000\/svg\" viewBox=\"0 0 24 24\" aria-hidden=\"true\" focusable=\"false\"><path d=\"M4 7.5h16v1.5H4z\"><\/path><path d=\"M4 15h16v1.5H4z\"><\/path><\/svg><\/button>\n\t\t\t\t<div class=\"wp-block-navigation__responsive-container\"  id=\"modal-1\" \n\t\t\t\tdata-wp-class--has-modal-open=\"state.isMenuOpen\"\n\t\t\t\tdata-wp-class--is-menu-open=\"state.isMenuOpen\"\n\t\t\t\tdata-wp-watch=\"callbacks.initMenu\"\n\t\t\t\tdata-wp-on--keydown=\"actions.handleMenuKeydown\"\n\t\t\t\tdata-wp-on--focusout=\"actions.handleMenuFocusout\"\n\t\t\t\ttabindex=\"-1\"\n\t\t\t>\n\t\t\t\t\t<div class=\"wp-block-navigation__responsive-close\" tabindex=\"-1\">\n\t\t\t\t\t\t<div class=\"wp-block-navigation__responsive-dialog\" \n\t\t\t\tdata-wp-bind--aria-modal=\"state.ariaModal\"\n\t\t\t\tdata-wp-bind--aria-label=\"state.ariaLabel\"\n\t\t\t\tdata-wp-bind--role=\"state.roleAttribute\"\n\t\t\t>\n\t\t\t\t\t\t\t<button aria-label=\"Cerrar el men\u00fa\" class=\"wp-block-navigation__responsive-container-close\" \n\t\t\t\tdata-wp-on--click=\"actions.closeMenuOnClick\"\n\t\t\t><svg xmlns=\"http:\/\/www.w3.org\/2000\/svg\" viewBox=\"0 0 24 24\" width=\"24\" height=\"24\" aria-hidden=\"true\" focusable=\"false\"><path d=\"m13.06 12 6.47-6.47-1.06-1.06L12 10.94 5.53 4.47 4.47 5.53 10.94 12l-6.47 6.47 1.06 1.06L12 13.06l6.47 6.47 1.06-1.06L13.06 12Z\"><\/path><\/svg><\/button>\n\t\t\t\t\t\t\t<div class=\"wp-block-navigation__responsive-container-content\" \n\t\t\t\tdata-wp-watch=\"callbacks.focusFirstElement\"\n\t\t\t id=\"modal-1-content\">\n\t\t\t\t\t\t\t\t<ul class=\"wp-block-navigation__container is-responsive items-justified-center wp-block-navigation\"><li class=\" wp-block-navigation-item wp-block-navigation-link\"><a class=\"wp-block-navigation-item__content\"  href=\"https:\/\/dicomarkagency.com\/\"><span class=\"wp-block-navigation-item__label\">Inicio<\/span><\/a><\/li><li class=\" wp-block-navigation-item wp-block-navigation-link\"><a class=\"wp-block-navigation-item__content\"  href=\"https:\/\/dicomarkagency.com\/index.php\/servicios\/\"><span class=\"wp-block-navigation-item__label\">Servicios<\/span><\/a><\/li><li class=\" wp-block-navigation-item wp-block-navigation-link\"><a class=\"wp-block-navigation-item__content\"  href=\"https:\/\/dicomarkagency.com\/index.php\/portafolio\/\"><span class=\"wp-block-navigation-item__label\">Portafolio <\/span><\/a><\/li><li class=\" wp-block-navigation-item wp-block-navigation-link\"><a class=\"wp-block-navigation-item__content\"  href=\"https:\/\/dicomarkagency.com\/index.php\/blog\/\"><span class=\"wp-block-navigation-item__label\">Blog<\/span><\/a><\/li><li class=\" wp-block-navigation-item wp-block-navigation-link\"><a class=\"wp-block-navigation-item__content\"  href=\"https:\/\/dicomarkagency.com\/index.php\/contacto\/\"><span class=\"wp-block-navigation-item__label\">Contacto<\/span><\/a><\/li><\/ul>\n\t\t\t\t\t\t\t<\/div>\n\t\t\t\t\t\t<\/div>\n\t\t\t\t\t<\/div>\n\t\t\t\t<\/div><\/nav>\n\n\n<div class=\"wp-block-cover alignfull\" style=\"min-height:320px;aspect-ratio:unset;\"><img loading=\"lazy\" decoding=\"async\" width=\"2550\" height=\"3300\" class=\"wp-block-cover__image-background wp-image-1320\" alt=\"\" src=\"https:\/\/dicomarkagency.com\/wp-content\/uploads\/2024\/03\/Sin-titulo-42-1.png\" data-object-fit=\"cover\" srcset=\"https:\/\/dicomarkagency.com\/wp-content\/uploads\/2024\/03\/Sin-titulo-42-1.png 2550w, https:\/\/dicomarkagency.com\/wp-content\/uploads\/2024\/03\/Sin-titulo-42-1-232x300.png 232w, https:\/\/dicomarkagency.com\/wp-content\/uploads\/2024\/03\/Sin-titulo-42-1-791x1024.png 791w, https:\/\/dicomarkagency.com\/wp-content\/uploads\/2024\/03\/Sin-titulo-42-1-768x994.png 768w, https:\/\/dicomarkagency.com\/wp-content\/uploads\/2024\/03\/Sin-titulo-42-1-1187x1536.png 1187w, https:\/\/dicomarkagency.com\/wp-content\/uploads\/2024\/03\/Sin-titulo-42-1-1583x2048.png 1583w, https:\/\/dicomarkagency.com\/wp-content\/uploads\/2024\/03\/Sin-titulo-42-1-9x12.png 9w\" sizes=\"auto, (max-width: 2550px) 100vw, 2550px\" \/><span aria-hidden=\"true\" class=\"wp-block-cover__background has-foreground-background-color has-background-dim-70 has-background-dim\"><\/span><div class=\"wp-block-cover__inner-container is-layout-flow wp-block-cover-is-layout-flow\">\n<div style=\"height:100px\" aria-hidden=\"true\" class=\"wp-block-spacer\"><\/div>\n\n\n\n<h2 class=\"wp-block-heading has-text-align-center animated backInUp\">Nuestros servicios:<\/h2>\n<\/div><\/div>\n\n\n\n<h2 class=\"wp-block-heading has-text-align-center animated backInUp has-large-font-size\" id=\"dise\u00f1ografico\">Dise\u00f1os Gr\u00e1fico:<\/h2>\n\n\n\n<div class=\"wp-block-media-text alignwide has-media-on-the-right is-stacked-on-mobile\"><div class=\"wp-block-media-text__content\">\n<ul class=\"wp-block-list\">\n<li>Dise\u00f1o de logotipos.<\/li>\n<\/ul>\n\n\n\n<ul class=\"wp-block-list\">\n<li>Dise\u00f1o de tarjetas personalizadas (digitales o f\u00edsicas).<\/li>\n<\/ul>\n\n\n\n<ul class=\"wp-block-list\">\n<li>Dise\u00f1o de invitaciones personalizadas (digitales o f\u00edsicas).<\/li>\n<\/ul>\n\n\n\n<ul class=\"wp-block-list\">\n<li>Dise\u00f1o de caricaturas e ilustraciones. <\/li>\n<\/ul>\n\n\n\n<ul class=\"wp-block-list\">\n<li>Dise\u00f1o de banners publicitarios en tama\u00f1o personalizado o para redes sociales.<\/li>\n<\/ul>\n\n\n\n<ul class=\"wp-block-list\">\n<li>Dise\u00f1o de historias para WhatsApp, Instagram, Facebook y TikTok. <\/li>\n<\/ul>\n\n\n\n<ul class=\"wp-block-list\">\n<li>Dise\u00f1o de volantes\/flyers.<\/li>\n<\/ul>\n\n\n\n<ul class=\"wp-block-list\">\n<li>Dise\u00f1o de Revistas \/ Cat\u00e1logos \/ Men\u00fas (digitales o f\u00edsicos).<\/li>\n<\/ul>\n<\/div><figure class=\"wp-block-media-text__media\"><img loading=\"lazy\" decoding=\"async\" width=\"1024\" height=\"1024\" src=\"https:\/\/dicomarkagency.com\/wp-content\/uploads\/2023\/07\/My-project-1-2023-07-04T140600.657-1-1024x1024.jpg\" alt=\"\" class=\"wp-image-814 size-full\" srcset=\"https:\/\/dicomarkagency.com\/wp-content\/uploads\/2023\/07\/My-project-1-2023-07-04T140600.657-1-1024x1024.jpg 1024w, https:\/\/dicomarkagency.com\/wp-content\/uploads\/2023\/07\/My-project-1-2023-07-04T140600.657-1-300x300.jpg 300w, https:\/\/dicomarkagency.com\/wp-content\/uploads\/2023\/07\/My-project-1-2023-07-04T140600.657-1-150x150.jpg 150w, https:\/\/dicomarkagency.com\/wp-content\/uploads\/2023\/07\/My-project-1-2023-07-04T140600.657-1-768x768.jpg 768w, https:\/\/dicomarkagency.com\/wp-content\/uploads\/2023\/07\/My-project-1-2023-07-04T140600.657-1-12x12.jpg 12w, https:\/\/dicomarkagency.com\/wp-content\/uploads\/2023\/07\/My-project-1-2023-07-04T140600.657-1.jpg 1080w\" sizes=\"auto, (max-width: 1024px) 100vw, 1024px\" \/><\/figure><\/div>\n\n\n\n<h2 class=\"wp-block-heading has-text-align-center animated backInUp has-large-font-size\">Material Audiovisual:<\/h2>\n\n\n\n<div class=\"wp-block-media-text alignwide is-stacked-on-mobile\"><figure class=\"wp-block-media-text__media\"><img loading=\"lazy\" decoding=\"async\" width=\"1024\" height=\"1024\" src=\"https:\/\/dicomarkagency.com\/wp-content\/uploads\/2023\/07\/My-project-1-2023-07-04T140616.368-1024x1024.jpg\" alt=\"\" class=\"wp-image-815 size-full\" srcset=\"https:\/\/dicomarkagency.com\/wp-content\/uploads\/2023\/07\/My-project-1-2023-07-04T140616.368-1024x1024.jpg 1024w, https:\/\/dicomarkagency.com\/wp-content\/uploads\/2023\/07\/My-project-1-2023-07-04T140616.368-300x300.jpg 300w, https:\/\/dicomarkagency.com\/wp-content\/uploads\/2023\/07\/My-project-1-2023-07-04T140616.368-150x150.jpg 150w, https:\/\/dicomarkagency.com\/wp-content\/uploads\/2023\/07\/My-project-1-2023-07-04T140616.368-768x768.jpg 768w, https:\/\/dicomarkagency.com\/wp-content\/uploads\/2023\/07\/My-project-1-2023-07-04T140616.368-12x12.jpg 12w, https:\/\/dicomarkagency.com\/wp-content\/uploads\/2023\/07\/My-project-1-2023-07-04T140616.368.jpg 1080w\" sizes=\"auto, (max-width: 1024px) 100vw, 1024px\" \/><\/figure><div class=\"wp-block-media-text__content\">\n<ul class=\"wp-block-list\">\n<li>V\u00eddeos publicitarios (Incluye voz de buena calidad generada por IA).<\/li>\n<\/ul>\n\n\n\n<ul class=\"wp-block-list\">\n<li>V\u00eddeos Informativos (Incluye voz de buena calidad generada por IA).<\/li>\n<\/ul>\n\n\n\n<ul class=\"wp-block-list\">\n<li>Edici\u00f3n de v\u00eddeos para Youtube.<\/li>\n<\/ul>\n<\/div><\/div>\n\n\n\n<h2 class=\"wp-block-heading has-text-align-center animated backInUp has-large-font-size\">P\u00e1ginas web profesionales &#8211; Tiendas Online:<\/h2>\n\n\n\n<div class=\"wp-block-media-text alignwide has-media-on-the-right is-stacked-on-mobile\"><div class=\"wp-block-media-text__content\">\n<ul class=\"wp-block-list\">\n<li>P\u00e1gina web profesional Standar.<\/li>\n<\/ul>\n\n\n\n<ul class=\"wp-block-list\">\n<li>P\u00e1gina web profesional optimizada.<\/li>\n<\/ul>\n\n\n\n<ul class=\"wp-block-list\">\n<li>Tienda Online (ecommerce).<\/li>\n<\/ul>\n\n\n\n<p class=\"has-text-align-center\"><a href=\"https:\/\/dicomarkagency.com\/index.php\/979-2\/\" data-type=\"URL\" data-id=\"https:\/\/dicomarkagency.com\/index.php\/979-2\/\">Ver diferencias <\/a><\/p>\n<\/div><figure class=\"wp-block-media-text__media\"><img loading=\"lazy\" decoding=\"async\" width=\"1024\" height=\"1024\" src=\"https:\/\/dicomarkagency.com\/wp-content\/uploads\/2023\/07\/My-project-1-2023-07-04T142417.047-1024x1024.jpg\" alt=\"\" class=\"wp-image-817 size-full\" srcset=\"https:\/\/dicomarkagency.com\/wp-content\/uploads\/2023\/07\/My-project-1-2023-07-04T142417.047-1024x1024.jpg 1024w, https:\/\/dicomarkagency.com\/wp-content\/uploads\/2023\/07\/My-project-1-2023-07-04T142417.047-300x300.jpg 300w, https:\/\/dicomarkagency.com\/wp-content\/uploads\/2023\/07\/My-project-1-2023-07-04T142417.047-150x150.jpg 150w, https:\/\/dicomarkagency.com\/wp-content\/uploads\/2023\/07\/My-project-1-2023-07-04T142417.047-768x768.jpg 768w, https:\/\/dicomarkagency.com\/wp-content\/uploads\/2023\/07\/My-project-1-2023-07-04T142417.047-12x12.jpg 12w, https:\/\/dicomarkagency.com\/wp-content\/uploads\/2023\/07\/My-project-1-2023-07-04T142417.047.jpg 1080w\" sizes=\"auto, (max-width: 1024px) 100vw, 1024px\" \/><\/figure><\/div>\n\n\n\n<div style=\"height:30px\" aria-hidden=\"true\" class=\"wp-block-spacer\"><\/div>\n\n\n\n<div class=\"wp-block-buttons is-content-justification-center is-layout-flex wp-container-core-buttons-is-layout-a89b3969 wp-block-buttons-is-layout-flex\">\n<div class=\"wp-block-button is-style-outline is-style-outline--2\"><a class=\"wp-block-button__link has-background-color has-foreground-background-color has-text-color has-background wp-element-button\" href=\"https:\/\/dicomarkagency.com\/index.php\/portafolio\/\" style=\"border-radius:35px\">Ver portafolio<\/a><\/div>\n<\/div>\n\n\n\n<div style=\"height:30px\" aria-hidden=\"true\" class=\"wp-block-spacer\"><\/div>\n\n\n\n<div class=\"wp-block-cover alignfull\" style=\"min-height:212px;aspect-ratio:unset;\"><span aria-hidden=\"true\" class=\"wp-block-cover__background has-foreground-background-color has-background-dim-100 has-background-dim\"><\/span><div class=\"wp-block-cover__inner-container is-layout-flow wp-block-cover-is-layout-flow\">\n<h2 class=\"wp-block-heading has-text-align-center has-large-font-size\">\u00a1Contacta con nosotros ahora!<\/h2>\n\n\n\n<ul class=\"wp-block-social-links is-content-justification-center is-layout-flex wp-container-core-social-links-is-layout-a89b3969 wp-block-social-links-is-layout-flex\"><li class=\"wp-social-link wp-social-link-whatsapp  wp-block-social-link\"><a href=\"https:\/\/wa.link\/vk0hwu\" class=\"wp-block-social-link-anchor\"><svg width=\"24\" height=\"24\" viewBox=\"0 0 24 24\" version=\"1.1\" xmlns=\"http:\/\/www.w3.org\/2000\/svg\" aria-hidden=\"true\" focusable=\"false\"><path d=\"M 12.011719 2 C 6.5057187 2 2.0234844 6.478375 2.0214844 11.984375 C 2.0204844 13.744375 2.4814687 15.462563 3.3554688 16.976562 L 2 22 L 7.2324219 20.763672 C 8.6914219 21.559672 10.333859 21.977516 12.005859 21.978516 L 12.009766 21.978516 C 17.514766 21.978516 21.995047 17.499141 21.998047 11.994141 C 22.000047 9.3251406 20.962172 6.8157344 19.076172 4.9277344 C 17.190172 3.0407344 14.683719 2.001 12.011719 2 z M 12.009766 4 C 14.145766 4.001 16.153109 4.8337969 17.662109 6.3417969 C 19.171109 7.8517969 20.000047 9.8581875 19.998047 11.992188 C 19.996047 16.396187 16.413812 19.978516 12.007812 19.978516 C 10.674812 19.977516 9.3544062 19.642812 8.1914062 19.007812 L 7.5175781 18.640625 L 6.7734375 18.816406 L 4.8046875 19.28125 L 5.2851562 17.496094 L 5.5019531 16.695312 L 5.0878906 15.976562 C 4.3898906 14.768562 4.0204844 13.387375 4.0214844 11.984375 C 4.0234844 7.582375 7.6067656 4 12.009766 4 z M 8.4765625 7.375 C 8.3095625 7.375 8.0395469 7.4375 7.8105469 7.6875 C 7.5815469 7.9365 6.9355469 8.5395781 6.9355469 9.7675781 C 6.9355469 10.995578 7.8300781 12.182609 7.9550781 12.349609 C 8.0790781 12.515609 9.68175 15.115234 12.21875 16.115234 C 14.32675 16.946234 14.754891 16.782234 15.212891 16.740234 C 15.670891 16.699234 16.690438 16.137687 16.898438 15.554688 C 17.106437 14.971687 17.106922 14.470187 17.044922 14.367188 C 16.982922 14.263188 16.816406 14.201172 16.566406 14.076172 C 16.317406 13.951172 15.090328 13.348625 14.861328 13.265625 C 14.632328 13.182625 14.464828 13.140625 14.298828 13.390625 C 14.132828 13.640625 13.655766 14.201187 13.509766 14.367188 C 13.363766 14.534188 13.21875 14.556641 12.96875 14.431641 C 12.71875 14.305641 11.914938 14.041406 10.960938 13.191406 C 10.218937 12.530406 9.7182656 11.714844 9.5722656 11.464844 C 9.4272656 11.215844 9.5585938 11.079078 9.6835938 10.955078 C 9.7955938 10.843078 9.9316406 10.663578 10.056641 10.517578 C 10.180641 10.371578 10.223641 10.267562 10.306641 10.101562 C 10.389641 9.9355625 10.347156 9.7890625 10.285156 9.6640625 C 10.223156 9.5390625 9.737625 8.3065 9.515625 7.8125 C 9.328625 7.3975 9.131125 7.3878594 8.953125 7.3808594 C 8.808125 7.3748594 8.6425625 7.375 8.4765625 7.375 z\"><\/path><\/svg><span class=\"wp-block-social-link-label screen-reader-text\">WhatsApp<\/span><\/a><\/li>\n\n<li class=\"wp-social-link wp-social-link-instagram  wp-block-social-link\"><a href=\"https:\/\/www.instagram.com\/dicomarkagency\" class=\"wp-block-social-link-anchor\"><svg width=\"24\" height=\"24\" viewBox=\"0 0 24 24\" version=\"1.1\" xmlns=\"http:\/\/www.w3.org\/2000\/svg\" aria-hidden=\"true\" focusable=\"false\"><path d=\"M12,4.622c2.403,0,2.688,0.009,3.637,0.052c0.877,0.04,1.354,0.187,1.671,0.31c0.42,0.163,0.72,0.358,1.035,0.673 c0.315,0.315,0.51,0.615,0.673,1.035c0.123,0.317,0.27,0.794,0.31,1.671c0.043,0.949,0.052,1.234,0.052,3.637 s-0.009,2.688-0.052,3.637c-0.04,0.877-0.187,1.354-0.31,1.671c-0.163,0.42-0.358,0.72-0.673,1.035 c-0.315,0.315-0.615,0.51-1.035,0.673c-0.317,0.123-0.794,0.27-1.671,0.31c-0.949,0.043-1.233,0.052-3.637,0.052 s-2.688-0.009-3.637-0.052c-0.877-0.04-1.354-0.187-1.671-0.31c-0.42-0.163-0.72-0.358-1.035-0.673 c-0.315-0.315-0.51-0.615-0.673-1.035c-0.123-0.317-0.27-0.794-0.31-1.671C4.631,14.688,4.622,14.403,4.622,12 s0.009-2.688,0.052-3.637c0.04-0.877,0.187-1.354,0.31-1.671c0.163-0.42,0.358-0.72,0.673-1.035 c0.315-0.315,0.615-0.51,1.035-0.673c0.317-0.123,0.794-0.27,1.671-0.31C9.312,4.631,9.597,4.622,12,4.622 M12,3 C9.556,3,9.249,3.01,8.289,3.054C7.331,3.098,6.677,3.25,6.105,3.472C5.513,3.702,5.011,4.01,4.511,4.511 c-0.5,0.5-0.808,1.002-1.038,1.594C3.25,6.677,3.098,7.331,3.054,8.289C3.01,9.249,3,9.556,3,12c0,2.444,0.01,2.751,0.054,3.711 c0.044,0.958,0.196,1.612,0.418,2.185c0.23,0.592,0.538,1.094,1.038,1.594c0.5,0.5,1.002,0.808,1.594,1.038 c0.572,0.222,1.227,0.375,2.185,0.418C9.249,20.99,9.556,21,12,21s2.751-0.01,3.711-0.054c0.958-0.044,1.612-0.196,2.185-0.418 c0.592-0.23,1.094-0.538,1.594-1.038c0.5-0.5,0.808-1.002,1.038-1.594c0.222-0.572,0.375-1.227,0.418-2.185 C20.99,14.751,21,14.444,21,12s-0.01-2.751-0.054-3.711c-0.044-0.958-0.196-1.612-0.418-2.185c-0.23-0.592-0.538-1.094-1.038-1.594 c-0.5-0.5-1.002-0.808-1.594-1.038c-0.572-0.222-1.227-0.375-2.185-0.418C14.751,3.01,14.444,3,12,3L12,3z M12,7.378 c-2.552,0-4.622,2.069-4.622,4.622S9.448,16.622,12,16.622s4.622-2.069,4.622-4.622S14.552,7.378,12,7.378z M12,15 c-1.657,0-3-1.343-3-3s1.343-3,3-3s3,1.343,3,3S13.657,15,12,15z M16.804,6.116c-0.596,0-1.08,0.484-1.08,1.08 s0.484,1.08,1.08,1.08c0.596,0,1.08-0.484,1.08-1.08S17.401,6.116,16.804,6.116z\"><\/path><\/svg><span class=\"wp-block-social-link-label screen-reader-text\">Instagram<\/span><\/a><\/li>\n\n<li class=\"wp-social-link wp-social-link-tiktok  wp-block-social-link\"><a href=\"https:\/\/www.tiktok.com\/@dicomarkagency\" class=\"wp-block-social-link-anchor\"><svg width=\"24\" height=\"24\" viewBox=\"0 0 32 32\" version=\"1.1\" xmlns=\"http:\/\/www.w3.org\/2000\/svg\" aria-hidden=\"true\" focusable=\"false\"><path d=\"M16.708 0.027c1.745-0.027 3.48-0.011 5.213-0.027 0.105 2.041 0.839 4.12 2.333 5.563 1.491 1.479 3.6 2.156 5.652 2.385v5.369c-1.923-0.063-3.855-0.463-5.6-1.291-0.76-0.344-1.468-0.787-2.161-1.24-0.009 3.896 0.016 7.787-0.025 11.667-0.104 1.864-0.719 3.719-1.803 5.255-1.744 2.557-4.771 4.224-7.88 4.276-1.907 0.109-3.812-0.411-5.437-1.369-2.693-1.588-4.588-4.495-4.864-7.615-0.032-0.667-0.043-1.333-0.016-1.984 0.24-2.537 1.495-4.964 3.443-6.615 2.208-1.923 5.301-2.839 8.197-2.297 0.027 1.975-0.052 3.948-0.052 5.923-1.323-0.428-2.869-0.308-4.025 0.495-0.844 0.547-1.485 1.385-1.819 2.333-0.276 0.676-0.197 1.427-0.181 2.145 0.317 2.188 2.421 4.027 4.667 3.828 1.489-0.016 2.916-0.88 3.692-2.145 0.251-0.443 0.532-0.896 0.547-1.417 0.131-2.385 0.079-4.76 0.095-7.145 0.011-5.375-0.016-10.735 0.025-16.093z\" \/><\/svg><span class=\"wp-block-social-link-label screen-reader-text\">TikTok<\/span><\/a><\/li><\/ul>\n<\/div><\/div>\n","protected":false},"excerpt":{"rendered":"<p>Dise\u00f1os Gr\u00e1fico: Material Audiovisual: P\u00e1ginas web profesionales &#8211; Tiendas Online:<\/p>\n","protected":false},"author":1,"featured_media":0,"parent":0,"menu_order":0,"comment_status":"closed","ping_status":"closed","template":"blank","meta":{"_uag_custom_page_level_css":"","footnotes":""},"class_list":["post-302","page","type-page","status-publish","hentry"],"uagb_featured_image_src":{"full":false,"thumbnail":false,"medium":false,"medium_large":false,"large":false,"1536x1536":false,"2048x2048":false},"uagb_author_info":{"display_name":"admin","author_link":"https:\/\/dicomarkagency.com\/index.php\/author\/admin\/"},"uagb_comment_info":0,"uagb_excerpt":"Dise\u00f1os Gr\u00e1fico: Material Audiovisual: P\u00e1ginas web profesionales &#8211; Tiendas Online:","_links":{"self":[{"href":"https:\/\/dicomarkagency.com\/index.php\/wp-json\/wp\/v2\/pages\/302","targetHints":{"allow":["GET"]}}],"collection":[{"href":"https:\/\/dicomarkagency.com\/index.php\/wp-json\/wp\/v2\/pages"}],"about":[{"href":"https:\/\/dicomarkagency.com\/index.php\/wp-json\/wp\/v2\/types\/page"}],"author":[{"embeddable":true,"href":"https:\/\/dicomarkagency.com\/index.php\/wp-json\/wp\/v2\/users\/1"}],"replies":[{"embeddable":true,"href":"https:\/\/dicomarkagency.com\/index.php\/wp-json\/wp\/v2\/comments?post=302"}],"version-history":[{"count":63,"href":"https:\/\/dicomarkagency.com\/index.php\/wp-json\/wp\/v2\/pages\/302\/revisions"}],"predecessor-version":[{"id":1608,"href":"https:\/\/dicomarkagency.com\/index.php\/wp-json\/wp\/v2\/pages\/302\/revisions\/1608"}],"wp:attachment":[{"href":"https:\/\/dicomarkagency.com\/index.php\/wp-json\/wp\/v2\/media?parent=302"}],"curies":[{"name":"wp","href":"https:\/\/api.w.org\/{rel}","templated":true}]}}